{"id":12,"date":"2022-07-08T23:38:34","date_gmt":"2022-07-09T02:38:34","guid":{"rendered":"https:\/\/radio3.webunity.com.br\/site\/?page_id=12"},"modified":"2022-07-21T21:56:38","modified_gmt":"2022-07-22T00:56:38","slug":"noticias","status":"publish","type":"page","link":"https:\/\/radiointegracaovr.com.br\/site\/noticias\/","title":{"rendered":"Not\u00edcias"},"content":{"rendered":"\t\t<div data-elementor-type=\"wp-page\" data-elementor-id=\"12\" class=\"elementor elementor-12\">\n\t\t\t\t\t\t<div class=\"elementor-inner\">\n\t\t\t\t<div class=\"elementor-section-wrap\">\n\t\t\t\t\t\t\t\t\t<section class=\"elementor-section elementor-top-section elementor-element elementor-element-f9710e4 elementor-section-full_width elementor-section-height-default elementor-section-height-default\" data-id=\"f9710e4\" data-element_type=\"section\">\n\t\t\t\t\t\t<div class=\"elementor-container elementor-column-gap-no\">\n\t\t\t\t\t\t\t<div class=\"elementor-row\">\n\t\t\t\t\t<div class=\"elementor-column elementor-col-100 elementor-top-column elementor-element elementor-element-fb63260\" data-id=\"fb63260\" data-element_type=\"column\">\n\t\t\t<div class=\"elementor-column-wrap elementor-element-populated\">\n\t\t\t\t\t\t\t<div class=\"elementor-widget-wrap\">\n\t\t\t\t\t\t<div class=\"elementor-element elementor-element-ab13975 elementor-widget elementor-widget-shortcode\" data-id=\"ab13975\" data-element_type=\"widget\" data-widget_type=\"shortcode.default\">\n\t\t\t\t<div class=\"elementor-widget-container\">\n\t\t\t\t\t<div class=\"elementor-shortcode\">\t\t<div data-elementor-type=\"wp-post\" data-elementor-id=\"659\" class=\"elementor elementor-659\">\n\t\t\t\t\t\t<div class=\"elementor-inner\">\n\t\t\t\t<div class=\"elementor-section-wrap\">\n\t\t\t\t\t\t\t\t\t<section class=\"elementor-section elementor-top-section elementor-element elementor-element-126a17e elementor-section-boxed elementor-section-height-default elementor-section-height-default\" data-id=\"126a17e\" data-element_type=\"section\" data-settings=\"{&quot;background_background&quot;:&quot;classic&quot;}\">\n\t\t\t\t\t\t<div class=\"elementor-container elementor-column-gap-default\">\n\t\t\t\t\t\t\t<div class=\"elementor-row\">\n\t\t\t\t\t<div class=\"elementor-column elementor-col-100 elementor-top-column elementor-element elementor-element-3d16dde\" data-id=\"3d16dde\" data-element_type=\"column\">\n\t\t\t<div class=\"elementor-column-wrap elementor-element-populated\">\n\t\t\t\t\t\t\t<div class=\"elementor-widget-wrap\">\n\t\t\t\t\t\t<div class=\"elementor-element elementor-element-f0b6efb elementor-invisible elementor-widget elementor-widget-heading\" data-id=\"f0b6efb\" data-element_type=\"widget\" data-settings=\"{&quot;_animation&quot;:&quot;fadeInUp&quot;}\" data-widget_type=\"heading.default\">\n\t\t\t\t<div class=\"elementor-widget-container\">\n\t\t\t<h2 class=\"elementor-heading-title elementor-size-default\">\u00daltimas not\u00edcias<\/h2>\t\t<\/div>\n\t\t\t\t<\/div>\n\t\t\t\t<div class=\"elementor-element elementor-element-11c359b elementor-invisible elementor-widget elementor-widget-heading\" data-id=\"11c359b\" data-element_type=\"widget\" data-settings=\"{&quot;_animation&quot;:&quot;fadeInDown&quot;}\" data-widget_type=\"heading.default\">\n\t\t\t\t<div class=\"elementor-widget-container\">\n\t\t\t<h2 class=\"elementor-heading-title elementor-size-default\">\u00daltimas Not\u00edcias Adicionadas - Not\u00edcias em destaque<\/h2>\t\t<\/div>\n\t\t\t\t<\/div>\n\t\t\t\t<section class=\"elementor-section elementor-inner-section elementor-element elementor-element-9f573cf elementor-section-boxed elementor-section-height-default elementor-section-height-default\" data-id=\"9f573cf\" data-element_type=\"section\">\n\t\t\t\t\t\t<div class=\"elementor-container elementor-column-gap-default\">\n\t\t\t\t\t\t\t<div class=\"elementor-row\">\n\t\t\t\t\t<div class=\"elementor-column elementor-col-100 elementor-inner-column elementor-element elementor-element-dc2978a\" data-id=\"dc2978a\" data-element_type=\"column\">\n\t\t\t<div class=\"elementor-column-wrap elementor-element-populated\">\n\t\t\t\t\t\t\t<div class=\"elementor-widget-wrap\">\n\t\t\t\t\t\t<div class=\"elementor-element elementor-element-65881e4 elementor-grid-4 elementor-grid-tablet-2 elementor-grid-mobile-1 elementor-posts--thumbnail-top elementor-invisible elementor-widget elementor-widget-posts\" data-id=\"65881e4\" data-element_type=\"widget\" data-settings=\"{&quot;classic_columns&quot;:&quot;4&quot;,&quot;_animation&quot;:&quot;bounceIn&quot;,&quot;classic_columns_tablet&quot;:&quot;2&quot;,&quot;classic_columns_mobile&quot;:&quot;1&quot;,&quot;classic_row_gap&quot;:{&quot;unit&quot;:&quot;px&quot;,&quot;size&quot;:35,&quot;sizes&quot;:[]},&quot;classic_row_gap_tablet&quot;:{&quot;unit&quot;:&quot;px&quot;,&quot;size&quot;:&quot;&quot;,&quot;sizes&quot;:[]},&quot;classic_row_gap_mobile&quot;:{&quot;unit&quot;:&quot;px&quot;,&quot;size&quot;:&quot;&quot;,&quot;sizes&quot;:[]}}\" data-widget_type=\"posts.classic\">\n\t\t\t\t<div class=\"elementor-widget-container\">\n\t\t\t\t\t<div class=\"elementor-posts-container elementor-posts elementor-posts--skin-classic elementor-grid\">\n\t\t\t\t<article class=\"elementor-post elementor-grid-item post-5174 post type-post status-publish format-standard has-post-thumbnail hentry category-sem-categoria\">\n\t\t\t\t<a class=\"elementor-post__thumbnail__link\" href=\"https:\/\/radiointegracaovr.com.br\/site\/incendio-no-parnaso-em-petropolis-atinge-planta-ameacada-de-extincao\/\" >\n\t\t\t<div class=\"elementor-post__thumbnail\"><img loading=\"lazy\" decoding=\"async\" width=\"300\" height=\"209\" src=\"https:\/\/radiointegracaovr.com.br\/site\/wp-content\/uploads\/2026\/04\/floziinha-3sw71Z-300x209.jpg\" class=\"attachment-medium size-medium\" alt=\"\" \/><\/div>\n\t\t<\/a>\n\t\t\t\t<div class=\"elementor-post__text\">\n\t\t\t\t<h3 class=\"elementor-post__title\">\n\t\t\t<a href=\"https:\/\/radiointegracaovr.com.br\/site\/incendio-no-parnaso-em-petropolis-atinge-planta-ameacada-de-extincao\/\" >\n\t\t\t\tInc\u00eandio no Parnaso em Petr\u00f3polis atinge planta amea\u00e7ada de extin\u00e7\u00e3o\t\t\t<\/a>\n\t\t<\/h3>\n\t\t\t\t<div class=\"elementor-post__meta-data\">\n\t\t\t\t\t<span class=\"elementor-post-date\">\n\t\t\t24 de abril de 2026\t\t<\/span>\n\t\t\t\t<span class=\"elementor-post-avatar\">\n\t\t\tNenhum coment\u00e1rio\t\t<\/span>\n\t\t\t\t<\/div>\n\t\t\t\t<div class=\"elementor-post__excerpt\">\n\t\t\t<p>Um dos exemplares de Cravina do Campo em meio \u00e0 \u00e1rea queimada no Parnaso. ICMBio Uma das esp\u00e9cies mais caracter\u00edsticas da Serra dos \u00d3rg\u00e3os, a<\/p>\n\t\t<\/div>\n\t\t\t\t\t<a class=\"elementor-post__read-more\" href=\"https:\/\/radiointegracaovr.com.br\/site\/incendio-no-parnaso-em-petropolis-atinge-planta-ameacada-de-extincao\/\" >\n\t\t\t\tLer mais\u00bb\t\t\t<\/a>\n\t\t\t\t<\/div>\n\t\t\t\t<\/article>\n\t\t\t\t<article class=\"elementor-post elementor-grid-item post-5172 post type-post status-publish format-standard has-post-thumbnail hentry category-sem-categoria\">\n\t\t\t\t<a class=\"elementor-post__thumbnail__link\" href=\"https:\/\/radiointegracaovr.com.br\/site\/video-mostra-acidente-com-ambulancia-e-carros-na-rj-116-em-nova-friburgo\/\" >\n\t\t\t<div class=\"elementor-post__thumbnail\"><img loading=\"lazy\" decoding=\"async\" width=\"300\" height=\"200\" src=\"https:\/\/radiointegracaovr.com.br\/site\/wp-content\/uploads\/2026\/04\/ambulancia-acidente-EnQccZ-300x200.jpg\" class=\"attachment-medium size-medium\" alt=\"\" \/><\/div>\n\t\t<\/a>\n\t\t\t\t<div class=\"elementor-post__text\">\n\t\t\t\t<h3 class=\"elementor-post__title\">\n\t\t\t<a href=\"https:\/\/radiointegracaovr.com.br\/site\/video-mostra-acidente-com-ambulancia-e-carros-na-rj-116-em-nova-friburgo\/\" >\n\t\t\t\tV\u00eddeo mostra acidente com ambul\u00e2ncia e carros na RJ-116, em Nova Friburgo\t\t\t<\/a>\n\t\t<\/h3>\n\t\t\t\t<div class=\"elementor-post__meta-data\">\n\t\t\t\t\t<span class=\"elementor-post-date\">\n\t\t\t24 de abril de 2026\t\t<\/span>\n\t\t\t\t<span class=\"elementor-post-avatar\">\n\t\t\tNenhum coment\u00e1rio\t\t<\/span>\n\t\t\t\t<\/div>\n\t\t\t\t<div class=\"elementor-post__excerpt\">\n\t\t\t<p>Acidente envolvendo ambul\u00e2ncia e carros \u00e9 registrado na RJ-116, em Nova Friburgo Um acidente envolvendo uma ambul\u00e2ncia e dois carros de passeio foi registrado por<\/p>\n\t\t<\/div>\n\t\t\t\t\t<a class=\"elementor-post__read-more\" href=\"https:\/\/radiointegracaovr.com.br\/site\/video-mostra-acidente-com-ambulancia-e-carros-na-rj-116-em-nova-friburgo\/\" >\n\t\t\t\tLer mais\u00bb\t\t\t<\/a>\n\t\t\t\t<\/div>\n\t\t\t\t<\/article>\n\t\t\t\t<article class=\"elementor-post elementor-grid-item post-5170 post type-post status-publish format-standard has-post-thumbnail hentry category-sem-categoria\">\n\t\t\t\t<a class=\"elementor-post__thumbnail__link\" href=\"https:\/\/radiointegracaovr.com.br\/site\/pm-realiza-a-maior-apreensao-de-drogas-do-ano-em-petropolis-prejuizo-ao-trafico-e-estimado-em-r-200-mil\/\" >\n\t\t\t<div class=\"elementor-post__thumbnail\"><img loading=\"lazy\" decoding=\"async\" width=\"300\" height=\"210\" src=\"https:\/\/radiointegracaovr.com.br\/site\/wp-content\/uploads\/2026\/04\/drogasd-lh6n5H-300x210.jpg\" class=\"attachment-medium size-medium\" alt=\"\" \/><\/div>\n\t\t<\/a>\n\t\t\t\t<div class=\"elementor-post__text\">\n\t\t\t\t<h3 class=\"elementor-post__title\">\n\t\t\t<a href=\"https:\/\/radiointegracaovr.com.br\/site\/pm-realiza-a-maior-apreensao-de-drogas-do-ano-em-petropolis-prejuizo-ao-trafico-e-estimado-em-r-200-mil\/\" >\n\t\t\t\tPM realiza a maior apreens\u00e3o de drogas do ano em Petr\u00f3polis; preju\u00edzo ao tr\u00e1fico \u00e9 estimado em R$ 200 mil\t\t\t<\/a>\n\t\t<\/h3>\n\t\t\t\t<div class=\"elementor-post__meta-data\">\n\t\t\t\t\t<span class=\"elementor-post-date\">\n\t\t\t23 de abril de 2026\t\t<\/span>\n\t\t\t\t<span class=\"elementor-post-avatar\">\n\t\t\tNenhum coment\u00e1rio\t\t<\/span>\n\t\t\t\t<\/div>\n\t\t\t\t<div class=\"elementor-post__excerpt\">\n\t\t\t<p>PM faz maior apreens\u00e3o de drogas do ano em Petr\u00f3polis; preju\u00edzo \u00e9 estimado em R$ 200 mil A Pol\u00edcia Militar realizou, na noite de quarta-feira<\/p>\n\t\t<\/div>\n\t\t\t\t\t<a class=\"elementor-post__read-more\" href=\"https:\/\/radiointegracaovr.com.br\/site\/pm-realiza-a-maior-apreensao-de-drogas-do-ano-em-petropolis-prejuizo-ao-trafico-e-estimado-em-r-200-mil\/\" >\n\t\t\t\tLer mais\u00bb\t\t\t<\/a>\n\t\t\t\t<\/div>\n\t\t\t\t<\/article>\n\t\t\t\t<article class=\"elementor-post elementor-grid-item post-5166 post type-post status-publish format-standard has-post-thumbnail hentry category-sem-categoria\">\n\t\t\t\t<a class=\"elementor-post__thumbnail__link\" href=\"https:\/\/radiointegracaovr.com.br\/site\/cantora-marcela-de-sa-apresenta-show-gratuito-no-quitandinha\/\" >\n\t\t\t<div class=\"elementor-post__thumbnail\"><img loading=\"lazy\" decoding=\"async\" width=\"300\" height=\"264\" src=\"https:\/\/radiointegracaovr.com.br\/site\/wp-content\/uploads\/2026\/04\/whatsapp-image-2026-04-23-at-15.10.15-1-4uZUPG-300x264.jpg\" class=\"attachment-medium size-medium\" alt=\"\" \/><\/div>\n\t\t<\/a>\n\t\t\t\t<div class=\"elementor-post__text\">\n\t\t\t\t<h3 class=\"elementor-post__title\">\n\t\t\t<a href=\"https:\/\/radiointegracaovr.com.br\/site\/cantora-marcela-de-sa-apresenta-show-gratuito-no-quitandinha\/\" >\n\t\t\t\tCantora Marcela de S\u00e1 apresenta show gratuito no Quitandinha\t\t\t<\/a>\n\t\t<\/h3>\n\t\t\t\t<div class=\"elementor-post__meta-data\">\n\t\t\t\t\t<span class=\"elementor-post-date\">\n\t\t\t23 de abril de 2026\t\t<\/span>\n\t\t\t\t<span class=\"elementor-post-avatar\">\n\t\t\tNenhum coment\u00e1rio\t\t<\/span>\n\t\t\t\t<\/div>\n\t\t\t\t<div class=\"elementor-post__excerpt\">\n\t\t\t<p>Marcela de S\u00e1 Divulga\u00e7\u00e3o A cantora, compositora e atriz Marcela de S\u00e1 se apresenta nesta sexta-feira (24), \u00e0s 20h, no Centro Cultural Sesc Quitandinha, em<\/p>\n\t\t<\/div>\n\t\t\t\t\t<a class=\"elementor-post__read-more\" href=\"https:\/\/radiointegracaovr.com.br\/site\/cantora-marcela-de-sa-apresenta-show-gratuito-no-quitandinha\/\" >\n\t\t\t\tLer mais\u00bb\t\t\t<\/a>\n\t\t\t\t<\/div>\n\t\t\t\t<\/article>\n\t\t\t\t<article class=\"elementor-post elementor-grid-item post-5168 post type-post status-publish format-standard has-post-thumbnail hentry category-sem-categoria\">\n\t\t\t\t<a class=\"elementor-post__thumbnail__link\" href=\"https:\/\/radiointegracaovr.com.br\/site\/incendio-no-parque-nacional-da-serra-dos-orgaos-atinge-o-equivalente-a-330-campos-de-futebol\/\" >\n\t\t\t<div class=\"elementor-post__thumbnail\"><img loading=\"lazy\" decoding=\"async\" width=\"300\" height=\"185\" src=\"https:\/\/radiointegracaovr.com.br\/site\/wp-content\/uploads\/2026\/04\/incendio-GsD4fb-300x185.jpg\" class=\"attachment-medium size-medium\" alt=\"\" \/><\/div>\n\t\t<\/a>\n\t\t\t\t<div class=\"elementor-post__text\">\n\t\t\t\t<h3 class=\"elementor-post__title\">\n\t\t\t<a href=\"https:\/\/radiointegracaovr.com.br\/site\/incendio-no-parque-nacional-da-serra-dos-orgaos-atinge-o-equivalente-a-330-campos-de-futebol\/\" >\n\t\t\t\tInc\u00eandio no Parque Nacional da Serra dos \u00d3rg\u00e3os atinge o equivalente a 330 campos de futebol\t\t\t<\/a>\n\t\t<\/h3>\n\t\t\t\t<div class=\"elementor-post__meta-data\">\n\t\t\t\t\t<span class=\"elementor-post-date\">\n\t\t\t23 de abril de 2026\t\t<\/span>\n\t\t\t\t<span class=\"elementor-post-avatar\">\n\t\t\tNenhum coment\u00e1rio\t\t<\/span>\n\t\t\t\t<\/div>\n\t\t\t\t<div class=\"elementor-post__excerpt\">\n\t\t\t<p>Inc\u00eandio no Parque Nacional da Serra dos \u00d3rg\u00e3os atinge \u00e1rea de 330 campos de futebol Reprodu\u00e7\u00e3o Parnaso Oficial O inc\u00eandio no Parque Nacional da Serra<\/p>\n\t\t<\/div>\n\t\t\t\t\t<a class=\"elementor-post__read-more\" href=\"https:\/\/radiointegracaovr.com.br\/site\/incendio-no-parque-nacional-da-serra-dos-orgaos-atinge-o-equivalente-a-330-campos-de-futebol\/\" >\n\t\t\t\tLer mais\u00bb\t\t\t<\/a>\n\t\t\t\t<\/div>\n\t\t\t\t<\/article>\n\t\t\t\t<article class=\"elementor-post elementor-grid-item post-5164 post type-post status-publish format-standard has-post-thumbnail hentry category-sem-categoria\">\n\t\t\t\t<a class=\"elementor-post__thumbnail__link\" href=\"https:\/\/radiointegracaovr.com.br\/site\/video-mostra-assaltante-arrancando-celular-derrubando-mulher-e-pulando-sobre-ela-durante-roubo-em-teresopolis\/\" >\n\t\t\t<div class=\"elementor-post__thumbnail\"><img loading=\"lazy\" decoding=\"async\" width=\"300\" height=\"168\" src=\"https:\/\/radiointegracaovr.com.br\/site\/wp-content\/uploads\/2026\/04\/assaltante-derruba-wSWI76-300x168.jpg\" class=\"attachment-medium size-medium\" alt=\"\" \/><\/div>\n\t\t<\/a>\n\t\t\t\t<div class=\"elementor-post__text\">\n\t\t\t\t<h3 class=\"elementor-post__title\">\n\t\t\t<a href=\"https:\/\/radiointegracaovr.com.br\/site\/video-mostra-assaltante-arrancando-celular-derrubando-mulher-e-pulando-sobre-ela-durante-roubo-em-teresopolis\/\" >\n\t\t\t\tV\u00eddeo mostra assaltante arrancando celular, derrubando mulher e pulando sobre ela durante roubo em Teres\u00f3polis\t\t\t<\/a>\n\t\t<\/h3>\n\t\t\t\t<div class=\"elementor-post__meta-data\">\n\t\t\t\t\t<span class=\"elementor-post-date\">\n\t\t\t23 de abril de 2026\t\t<\/span>\n\t\t\t\t<span class=\"elementor-post-avatar\">\n\t\t\tNenhum coment\u00e1rio\t\t<\/span>\n\t\t\t\t<\/div>\n\t\t\t\t<div class=\"elementor-post__excerpt\">\n\t\t\t<p>V\u00eddeo mostra assaltante arrancando celular, derrubando mulher e pulando sobre ela durante Uma mulher de 43 anos foi assaltada por volta das 6h da manh\u00e3<\/p>\n\t\t<\/div>\n\t\t\t\t\t<a class=\"elementor-post__read-more\" href=\"https:\/\/radiointegracaovr.com.br\/site\/video-mostra-assaltante-arrancando-celular-derrubando-mulher-e-pulando-sobre-ela-durante-roubo-em-teresopolis\/\" >\n\t\t\t\tLer mais\u00bb\t\t\t<\/a>\n\t\t\t\t<\/div>\n\t\t\t\t<\/article>\n\t\t\t\t<article class=\"elementor-post elementor-grid-item post-5162 post type-post status-publish format-standard has-post-thumbnail hentry category-sem-categoria\">\n\t\t\t\t<a class=\"elementor-post__thumbnail__link\" href=\"https:\/\/radiointegracaovr.com.br\/site\/petropolis-espera-alta-ocupacao-hoteleira-no-feriado-de-sao-jorge\/\" >\n\t\t\t<div class=\"elementor-post__thumbnail\"><img loading=\"lazy\" decoding=\"async\" width=\"300\" height=\"218\" src=\"https:\/\/radiointegracaovr.com.br\/site\/wp-content\/uploads\/2026\/04\/petropolis-zPs4lA-300x218.jpg\" class=\"attachment-medium size-medium\" alt=\"\" \/><\/div>\n\t\t<\/a>\n\t\t\t\t<div class=\"elementor-post__text\">\n\t\t\t\t<h3 class=\"elementor-post__title\">\n\t\t\t<a href=\"https:\/\/radiointegracaovr.com.br\/site\/petropolis-espera-alta-ocupacao-hoteleira-no-feriado-de-sao-jorge\/\" >\n\t\t\t\tPetr\u00f3polis espera alta ocupa\u00e7\u00e3o hoteleira no feriado de S\u00e3o Jorge\t\t\t<\/a>\n\t\t<\/h3>\n\t\t\t\t<div class=\"elementor-post__meta-data\">\n\t\t\t\t\t<span class=\"elementor-post-date\">\n\t\t\t23 de abril de 2026\t\t<\/span>\n\t\t\t\t<span class=\"elementor-post-avatar\">\n\t\t\tNenhum coment\u00e1rio\t\t<\/span>\n\t\t\t\t<\/div>\n\t\t\t\t<div class=\"elementor-post__excerpt\">\n\t\t\t<p>Cidade de Petr\u00f3polis Divulga\u00e7\u00e3o Petr\u00f3polis, na Regi\u00e3o Serrana do Rio, deve ser um dos destinos mais procurados pelos fluminenses durante o feriado estadual de S\u00e3o<\/p>\n\t\t<\/div>\n\t\t\t\t\t<a class=\"elementor-post__read-more\" href=\"https:\/\/radiointegracaovr.com.br\/site\/petropolis-espera-alta-ocupacao-hoteleira-no-feriado-de-sao-jorge\/\" >\n\t\t\t\tLer mais\u00bb\t\t\t<\/a>\n\t\t\t\t<\/div>\n\t\t\t\t<\/article>\n\t\t\t\t<article class=\"elementor-post elementor-grid-item post-5160 post type-post status-publish format-standard has-post-thumbnail hentry category-sem-categoria\">\n\t\t\t\t<a class=\"elementor-post__thumbnail__link\" href=\"https:\/\/radiointegracaovr.com.br\/site\/apos-reunir-mais-de-600-jovens-evento-cristao-som-do-alto-tem-nova-edicao-nesta-sexta-em-petropolis\/\" >\n\t\t\t<div class=\"elementor-post__thumbnail\"><img loading=\"lazy\" decoding=\"async\" width=\"300\" height=\"226\" src=\"https:\/\/radiointegracaovr.com.br\/site\/wp-content\/uploads\/2026\/04\/evento-cristao-4KQdQb-300x226.jpg\" class=\"attachment-medium size-medium\" alt=\"\" \/><\/div>\n\t\t<\/a>\n\t\t\t\t<div class=\"elementor-post__text\">\n\t\t\t\t<h3 class=\"elementor-post__title\">\n\t\t\t<a href=\"https:\/\/radiointegracaovr.com.br\/site\/apos-reunir-mais-de-600-jovens-evento-cristao-som-do-alto-tem-nova-edicao-nesta-sexta-em-petropolis\/\" >\n\t\t\t\tAp\u00f3s reunir mais de 600 jovens, evento crist\u00e3o &#8216;Som do Alto&#8217; tem nova edi\u00e7\u00e3o nesta sexta em Petr\u00f3polis\t\t\t<\/a>\n\t\t<\/h3>\n\t\t\t\t<div class=\"elementor-post__meta-data\">\n\t\t\t\t\t<span class=\"elementor-post-date\">\n\t\t\t23 de abril de 2026\t\t<\/span>\n\t\t\t\t<span class=\"elementor-post-avatar\">\n\t\t\tNenhum coment\u00e1rio\t\t<\/span>\n\t\t\t\t<\/div>\n\t\t\t\t<div class=\"elementor-post__excerpt\">\n\t\t\t<p>Evento crist\u00e3o &#8216;Som do Alto&#8217; tem nova edi\u00e7\u00e3o nesta sexta em Petr\u00f3polis Depois de atrair mais de 600 jovens no primeiro encontro, o evento crist\u00e3o<\/p>\n\t\t<\/div>\n\t\t\t\t\t<a class=\"elementor-post__read-more\" href=\"https:\/\/radiointegracaovr.com.br\/site\/apos-reunir-mais-de-600-jovens-evento-cristao-som-do-alto-tem-nova-edicao-nesta-sexta-em-petropolis\/\" >\n\t\t\t\tLer mais\u00bb\t\t\t<\/a>\n\t\t\t\t<\/div>\n\t\t\t\t<\/article>\n\t\t\t\t<\/div>\n\n\n\t\t\n\t\t\t\t<\/div>\n\t\t\t\t<\/div>\n\t\t\t\t\t\t<\/div>\n\t\t\t\t\t<\/div>\n\t\t<\/div>\n\t\t\t\t\t\t\t\t<\/div>\n\t\t\t\t\t<\/div>\n\t\t<\/section>\n\t\t\t\t\t\t<\/div>\n\t\t\t\t\t<\/div>\n\t\t<\/div>\n\t\t\t\t\t\t\t\t<\/div>\n\t\t\t\t\t<\/div>\n\t\t<\/section>\n\t\t\t\t\t\t\t\t\t<\/div>\n\t\t\t<\/div>\n\t\t\t\t\t<\/div>\n\t\t<\/div>\n\t\t\t\t<\/div>\n\t\t\t\t<\/div>\n\t\t\t\t\t\t<\/div>\n\t\t\t\t\t<\/div>\n\t\t<\/div>\n\t\t\t\t\t\t\t\t<\/div>\n\t\t\t\t\t<\/div>\n\t\t<\/section>\n\t\t\t\t\t\t\t\t\t<\/div>\n\t\t\t<\/div>\n\t\t\t\t\t<\/div>\n\t\t","protected":false},"excerpt":{"rendered":"","protected":false},"author":1,"featured_media":0,"parent":0,"menu_order":0,"comment_status":"closed","ping_status":"closed","template":"elementor_header_footer","meta":{"rop_custom_images_group":[],"rop_custom_messages_group":[],"rop_publish_now":"initial","rop_publish_now_accounts":[],"rop_publish_now_history":[],"rop_publish_now_status":"pending","footnotes":""},"class_list":["post-12","page","type-page","status-publish","hentry"],"_links":{"self":[{"href":"https:\/\/radiointegracaovr.com.br\/site\/wp-json\/wp\/v2\/pages\/12","targetHints":{"allow":["GET"]}}],"collection":[{"href":"https:\/\/radiointegracaovr.com.br\/site\/wp-json\/wp\/v2\/pages"}],"about":[{"href":"https:\/\/radiointegracaovr.com.br\/site\/wp-json\/wp\/v2\/types\/page"}],"author":[{"embeddable":true,"href":"https:\/\/radiointegracaovr.com.br\/site\/wp-json\/wp\/v2\/users\/1"}],"replies":[{"embeddable":true,"href":"https:\/\/radiointegracaovr.com.br\/site\/wp-json\/wp\/v2\/comments?post=12"}],"version-history":[{"count":0,"href":"https:\/\/radiointegracaovr.com.br\/site\/wp-json\/wp\/v2\/pages\/12\/revisions"}],"wp:attachment":[{"href":"https:\/\/radiointegracaovr.com.br\/site\/wp-json\/wp\/v2\/media?parent=12"}],"curies":[{"name":"wp","href":"https:\/\/api.w.org\/{rel}","templated":true}]}}