{"id":422,"date":"2022-07-09T03:23:21","date_gmt":"2022-07-09T06:23:21","guid":{"rendered":"https:\/\/radio3.webunity.com.br\/site\/?page_id=422"},"modified":"2022-07-09T03:30:22","modified_gmt":"2022-07-09T06:30:22","slug":"programacao","status":"publish","type":"page","link":"https:\/\/radiointegracaovr.com.br\/site\/programacao\/","title":{"rendered":"Programa\u00e7\u00e3o"},"content":{"rendered":"\t\t<div data-elementor-type=\"wp-page\" data-elementor-id=\"422\" class=\"elementor elementor-422\">\n\t\t\t\t\t\t<div class=\"elementor-inner\">\n\t\t\t\t<div class=\"elementor-section-wrap\">\n\t\t\t\t\t\t\t\t\t<section class=\"elementor-section elementor-top-section elementor-element elementor-element-a5c97b0 elementor-section-full_width elementor-section-height-default elementor-section-height-default\" data-id=\"a5c97b0\" data-element_type=\"section\">\n\t\t\t\t\t\t<div class=\"elementor-container elementor-column-gap-no\">\n\t\t\t\t\t\t\t<div class=\"elementor-row\">\n\t\t\t\t\t<div class=\"elementor-column elementor-col-100 elementor-top-column elementor-element elementor-element-b2799d2\" data-id=\"b2799d2\" data-element_type=\"column\">\n\t\t\t<div class=\"elementor-column-wrap elementor-element-populated\">\n\t\t\t\t\t\t\t<div class=\"elementor-widget-wrap\">\n\t\t\t\t\t\t<div class=\"elementor-element elementor-element-c3e123a elementor-widget elementor-widget-shortcode\" data-id=\"c3e123a\" data-element_type=\"widget\" data-widget_type=\"shortcode.default\">\n\t\t\t\t<div class=\"elementor-widget-container\">\n\t\t\t\t\t<div class=\"elementor-shortcode\">\t\t<div data-elementor-type=\"wp-post\" data-elementor-id=\"426\" class=\"elementor elementor-426\">\n\t\t\t\t\t\t<div class=\"elementor-inner\">\n\t\t\t\t<div class=\"elementor-section-wrap\">\n\t\t\t\t\t\t\t\t\t<section class=\"elementor-section elementor-top-section elementor-element elementor-element-8bfa46c elementor-section-boxed elementor-section-height-default elementor-section-height-default\" data-id=\"8bfa46c\" data-element_type=\"section\" data-settings=\"{&quot;background_background&quot;:&quot;classic&quot;}\">\n\t\t\t\t\t\t<div class=\"elementor-container elementor-column-gap-default\">\n\t\t\t\t\t\t\t<div class=\"elementor-row\">\n\t\t\t\t\t<div class=\"elementor-column elementor-col-100 elementor-top-column elementor-element elementor-element-8fb48a1\" data-id=\"8fb48a1\" data-element_type=\"column\">\n\t\t\t<div class=\"elementor-column-wrap elementor-element-populated\">\n\t\t\t\t\t\t\t<div class=\"elementor-widget-wrap\">\n\t\t\t\t\t\t<div class=\"elementor-element elementor-element-c0e8f78 elementor-invisible elementor-widget elementor-widget-heading\" data-id=\"c0e8f78\" data-element_type=\"widget\" data-settings=\"{&quot;_animation&quot;:&quot;fadeInUp&quot;}\" data-widget_type=\"heading.default\">\n\t\t\t\t<div class=\"elementor-widget-container\">\n\t\t\t<h2 class=\"elementor-heading-title elementor-size-default\">Nossa programa\u00e7\u00e3o<\/h2>\t\t<\/div>\n\t\t\t\t<\/div>\n\t\t\t\t<div class=\"elementor-element elementor-element-c60c5d1 elementor-invisible elementor-widget elementor-widget-heading\" data-id=\"c60c5d1\" data-element_type=\"widget\" data-settings=\"{&quot;_animation&quot;:&quot;fadeInDown&quot;}\" data-widget_type=\"heading.default\">\n\t\t\t\t<div class=\"elementor-widget-container\">\n\t\t\t<h2 class=\"elementor-heading-title elementor-size-default\">Fique por dentro de toda nossa Programa\u00e7\u00e3o e se divirta, acompanha nossa grade de programas.\n\n<\/h2>\t\t<\/div>\n\t\t\t\t<\/div>\n\t\t\t\t<section class=\"elementor-section elementor-inner-section elementor-element elementor-element-1bb7ea3 elementor-section-boxed elementor-section-height-default elementor-section-height-default\" data-id=\"1bb7ea3\" data-element_type=\"section\">\n\t\t\t\t\t\t<div class=\"elementor-container elementor-column-gap-default\">\n\t\t\t\t\t\t\t<div class=\"elementor-row\">\n\t\t\t\t\t<div class=\"elementor-column elementor-col-100 elementor-inner-column elementor-element elementor-element-9e5b5c8\" data-id=\"9e5b5c8\" data-element_type=\"column\">\n\t\t\t<div class=\"elementor-column-wrap elementor-element-populated\">\n\t\t\t\t\t\t\t<div class=\"elementor-widget-wrap\">\n\t\t\t\t\t\t<div class=\"elementor-element elementor-element-a195024 elementor-tabs-view-vertical elementor-invisible elementor-widget elementor-widget-tabs\" data-id=\"a195024\" data-element_type=\"widget\" data-settings=\"{&quot;_animation&quot;:&quot;zoomInDown&quot;}\" data-widget_type=\"tabs.default\">\n\t\t\t\t<div class=\"elementor-widget-container\">\n\t\t\t\t\t<div class=\"elementor-tabs\">\n\t\t\t<div class=\"elementor-tabs-wrapper\" role=\"tablist\" >\n\t\t\t\t\t\t\t\t\t<div id=\"elementor-tab-title-1691\" class=\"elementor-tab-title elementor-tab-desktop-title\" aria-selected=\"true\" data-tab=\"1\" role=\"tab\" tabindex=\"0\" aria-controls=\"elementor-tab-content-1691\" aria-expanded=\"false\"><a href=\"\">Segunda Feira<\/a><\/div>\n\t\t\t\t\t\t\t\t\t<div id=\"elementor-tab-title-1692\" class=\"elementor-tab-title elementor-tab-desktop-title\" aria-selected=\"false\" data-tab=\"2\" role=\"tab\" tabindex=\"-1\" aria-controls=\"elementor-tab-content-1692\" aria-expanded=\"false\"><a href=\"\">Ter\u00e7a Feira<\/a><\/div>\n\t\t\t\t\t\t\t\t\t<div id=\"elementor-tab-title-1693\" class=\"elementor-tab-title elementor-tab-desktop-title\" aria-selected=\"false\" data-tab=\"3\" role=\"tab\" tabindex=\"-1\" aria-controls=\"elementor-tab-content-1693\" aria-expanded=\"false\"><a href=\"\">Quarta Feira<\/a><\/div>\n\t\t\t\t\t\t\t\t\t<div id=\"elementor-tab-title-1694\" class=\"elementor-tab-title elementor-tab-desktop-title\" aria-selected=\"false\" data-tab=\"4\" role=\"tab\" tabindex=\"-1\" aria-controls=\"elementor-tab-content-1694\" aria-expanded=\"false\"><a href=\"\">Quinta Feira<\/a><\/div>\n\t\t\t\t\t\t\t\t\t<div id=\"elementor-tab-title-1695\" class=\"elementor-tab-title elementor-tab-desktop-title\" aria-selected=\"false\" data-tab=\"5\" role=\"tab\" tabindex=\"-1\" aria-controls=\"elementor-tab-content-1695\" aria-expanded=\"false\"><a href=\"\">Sexta Feira<\/a><\/div>\n\t\t\t\t\t\t\t\t\t<div id=\"elementor-tab-title-1696\" class=\"elementor-tab-title elementor-tab-desktop-title\" aria-selected=\"false\" data-tab=\"6\" role=\"tab\" tabindex=\"-1\" aria-controls=\"elementor-tab-content-1696\" aria-expanded=\"false\"><a href=\"\">S\u00e1bado<\/a><\/div>\n\t\t\t\t\t\t\t\t\t<div id=\"elementor-tab-title-1697\" class=\"elementor-tab-title elementor-tab-desktop-title\" aria-selected=\"false\" data-tab=\"7\" role=\"tab\" tabindex=\"-1\" aria-controls=\"elementor-tab-content-1697\" aria-expanded=\"false\"><a href=\"\">Domingo<\/a><\/div>\n\t\t\t\t\t\t\t<\/div>\n\t\t\t<div class=\"elementor-tabs-content-wrapper\" role=\"tablist\" aria-orientation=\"vertical\">\n\t\t\t\t\t\t\t\t\t<div class=\"elementor-tab-title elementor-tab-mobile-title\" aria-selected=\"true\" data-tab=\"1\" role=\"tab\" tabindex=\"0\" aria-controls=\"elementor-tab-content-1691\" aria-expanded=\"false\">Segunda Feira<\/div>\n\t\t\t\t\t<div id=\"elementor-tab-content-1691\" class=\"elementor-tab-content elementor-clearfix\" data-tab=\"1\" role=\"tabpanel\" aria-labelledby=\"elementor-tab-title-1691\" tabindex=\"0\" hidden=\"false\"><p>05:00 Manh\u00e3 Sertaneja<br \/>07:00 Show do Vale<br \/>09:00 Show da Manh\u00e3 Sidney de Souza<br \/>12:00 Integra\u00e7\u00e3o Love<br \/>13:00 Integra Sucesso Roy Silva<br \/>14:00 Balada Sertaneja<br \/>16:00 Tarde Total Jorge Gracindo<br \/>18:00 Integra\u00e7\u00e3o Esportes Nilson Brand\u00e3o<br \/>20:00 Balada Sertaneja<\/p><\/div>\n\t\t\t\t\t\t\t\t\t<div class=\"elementor-tab-title elementor-tab-mobile-title\" aria-selected=\"false\" data-tab=\"2\" role=\"tab\" tabindex=\"-1\" aria-controls=\"elementor-tab-content-1692\" aria-expanded=\"false\">Ter\u00e7a Feira<\/div>\n\t\t\t\t\t<div id=\"elementor-tab-content-1692\" class=\"elementor-tab-content elementor-clearfix\" data-tab=\"2\" role=\"tabpanel\" aria-labelledby=\"elementor-tab-title-1692\" tabindex=\"0\" hidden=\"hidden\"><p>05:00 &nbsp;&nbsp; &nbsp;Manh\u00e3 Sertaneja &nbsp;&nbsp; &nbsp;<br>07:00 &nbsp;&nbsp; &nbsp;Show do Vale &nbsp;&nbsp; &nbsp;<br>09:00 &nbsp;&nbsp; &nbsp;Show da Manh\u00e3 &nbsp;&nbsp; &nbsp;Sidney de Souza<br>12:00 &nbsp;&nbsp; &nbsp;Integra\u00e7\u00e3o Love &nbsp;&nbsp; &nbsp;<br>13:00 &nbsp;&nbsp; &nbsp;Integra Sucesso &nbsp;&nbsp; &nbsp;Roy Silva<br>14:00 &nbsp;&nbsp; &nbsp;Balada Sertaneja &nbsp;&nbsp; &nbsp;<br>16:00 &nbsp;&nbsp; &nbsp;Tarde Total &nbsp;&nbsp; &nbsp;Jorge Gracindo<br>18:00 &nbsp;&nbsp; &nbsp;Integra\u00e7\u00e3o Esportes &nbsp;&nbsp; &nbsp;Nilson Brand\u00e3o<br>20:00 &nbsp;&nbsp; &nbsp;Balada Sertaneja &nbsp;&nbsp;&nbsp; <br><\/p><\/div>\n\t\t\t\t\t\t\t\t\t<div class=\"elementor-tab-title elementor-tab-mobile-title\" aria-selected=\"false\" data-tab=\"3\" role=\"tab\" tabindex=\"-1\" aria-controls=\"elementor-tab-content-1693\" aria-expanded=\"false\">Quarta Feira<\/div>\n\t\t\t\t\t<div id=\"elementor-tab-content-1693\" class=\"elementor-tab-content elementor-clearfix\" data-tab=\"3\" role=\"tabpanel\" aria-labelledby=\"elementor-tab-title-1693\" tabindex=\"0\" hidden=\"hidden\"><p>05:00 Manh\u00e3 Sertaneja <br \/>07:00 Show do Vale <br \/>09:00 Show da Manh\u00e3 Sidney de Souza<br \/>12:00 Integra\u00e7\u00e3o Love <br \/>13:00 Integra Sucesso Roy Silva<br \/>14:00 Balada Sertaneja <br \/>16:00 Tarde Total Jorge Gracindo<br \/>18:00 Integra\u00e7\u00e3o Esportes Nilson Brand\u00e3o<br \/>20:00 Balada Sertaneja<\/p><\/div>\n\t\t\t\t\t\t\t\t\t<div class=\"elementor-tab-title elementor-tab-mobile-title\" aria-selected=\"false\" data-tab=\"4\" role=\"tab\" tabindex=\"-1\" aria-controls=\"elementor-tab-content-1694\" aria-expanded=\"false\">Quinta Feira<\/div>\n\t\t\t\t\t<div id=\"elementor-tab-content-1694\" class=\"elementor-tab-content elementor-clearfix\" data-tab=\"4\" role=\"tabpanel\" aria-labelledby=\"elementor-tab-title-1694\" tabindex=\"0\" hidden=\"hidden\"><p>05:00 Manh\u00e3 Sertaneja <br \/>07:00 Show do Vale <br \/>09:00 Show da Manh\u00e3 Sidney de Souza<br \/>12:00 Integra\u00e7\u00e3o Love <br \/>13:00 Integra Sucesso Roy Silva<br \/>14:00 Balada Sertaneja <br \/>16:00 Tarde Total Jorge Gracindo<br \/>18:00 Integra\u00e7\u00e3o Esportes Nilson Brand\u00e3o<br \/>20:00 Balada Sertaneja<\/p><\/div>\n\t\t\t\t\t\t\t\t\t<div class=\"elementor-tab-title elementor-tab-mobile-title\" aria-selected=\"false\" data-tab=\"5\" role=\"tab\" tabindex=\"-1\" aria-controls=\"elementor-tab-content-1695\" aria-expanded=\"false\">Sexta Feira<\/div>\n\t\t\t\t\t<div id=\"elementor-tab-content-1695\" class=\"elementor-tab-content elementor-clearfix\" data-tab=\"5\" role=\"tabpanel\" aria-labelledby=\"elementor-tab-title-1695\" tabindex=\"0\" hidden=\"hidden\"><p>05:00 Manh\u00e3 Sertaneja <br \/>07:00 Show do Vale <br \/>09:00 Show da Manh\u00e3 Sidney de Souza<br \/>12:00 Integra\u00e7\u00e3o Love <br \/>13:00 Integra Sucesso Roy Silva<br \/>14:00 Balada Sertaneja <br \/>16:00 Tarde Total Jorge Gracindo<br \/>18:00 Integra\u00e7\u00e3o Esportes Nilson Brand\u00e3o<br \/>20:00 Balada Sertaneja<\/p><\/div>\n\t\t\t\t\t\t\t\t\t<div class=\"elementor-tab-title elementor-tab-mobile-title\" aria-selected=\"false\" data-tab=\"6\" role=\"tab\" tabindex=\"-1\" aria-controls=\"elementor-tab-content-1696\" aria-expanded=\"false\">S\u00e1bado<\/div>\n\t\t\t\t\t<div id=\"elementor-tab-content-1696\" class=\"elementor-tab-content elementor-clearfix\" data-tab=\"6\" role=\"tabpanel\" aria-labelledby=\"elementor-tab-title-1696\" tabindex=\"0\" hidden=\"hidden\"><p>05:00 Manh\u00e3 Sertaneja <br \/>07:00 Show do Vale <br \/>12:00 Integra\u00e7\u00e3o Love <br \/>13:00 Integra Sucesso Roy Silva<br \/>20:00 Balada Sertaneja<\/p><\/div>\n\t\t\t\t\t\t\t\t\t<div class=\"elementor-tab-title elementor-tab-mobile-title\" aria-selected=\"false\" data-tab=\"7\" role=\"tab\" tabindex=\"-1\" aria-controls=\"elementor-tab-content-1697\" aria-expanded=\"false\">Domingo<\/div>\n\t\t\t\t\t<div id=\"elementor-tab-content-1697\" class=\"elementor-tab-content elementor-clearfix\" data-tab=\"7\" role=\"tabpanel\" aria-labelledby=\"elementor-tab-title-1697\" tabindex=\"0\" hidden=\"hidden\"><p>05:00 Manh\u00e3 Sertaneja <br \/>07:00 Show do Vale <br \/>20:00 Balada Sertaneja<\/p><\/div>\n\t\t\t\t\t\t\t<\/div>\n\t\t<\/div>\n\t\t\t\t<\/div>\n\t\t\t\t<\/div>\n\t\t\t\t<div class=\"elementor-element elementor-element-3dc1120 elementor-invisible elementor-widget elementor-widget-image\" data-id=\"3dc1120\" data-element_type=\"widget\" data-settings=\"{&quot;_animation&quot;:&quot;zoomInLeft&quot;}\" data-widget_type=\"image.default\">\n\t\t\t\t<div class=\"elementor-widget-container\">\n\t\t\t\t\t\t\t\t<div class=\"elementor-image\">\n\t\t\t\t\t\t\t\t\t\t\t\t<img loading=\"lazy\" decoding=\"async\" width=\"1170\" height=\"120\" src=\"https:\/\/radiointegracaovr.com.br\/site\/wp-content\/uploads\/2022\/07\/slide009.jpg\" class=\"attachment-1536x1536 size-1536x1536\" alt=\"\" srcset=\"https:\/\/radiointegracaovr.com.br\/site\/wp-content\/uploads\/2022\/07\/slide009.jpg 1170w, https:\/\/radiointegracaovr.com.br\/site\/wp-content\/uploads\/2022\/07\/slide009-300x31.jpg 300w, https:\/\/radiointegracaovr.com.br\/site\/wp-content\/uploads\/2022\/07\/slide009-1024x105.jpg 1024w, https:\/\/radiointegracaovr.com.br\/site\/wp-content\/uploads\/2022\/07\/slide009-768x79.jpg 768w\" sizes=\"auto, (max-width: 1170px) 100vw, 1170px\" \/>\t\t\t\t\t\t\t\t\t\t\t\t\t\t<\/div>\n\t\t\t\t\t\t<\/div>\n\t\t\t\t<\/div>\n\t\t\t\t\t\t<\/div>\n\t\t\t\t\t<\/div>\n\t\t<\/div>\n\t\t\t\t\t\t\t\t<\/div>\n\t\t\t\t\t<\/div>\n\t\t<\/section>\n\t\t\t\t\t\t<\/div>\n\t\t\t\t\t<\/div>\n\t\t<\/div>\n\t\t\t\t\t\t\t\t<\/div>\n\t\t\t\t\t<\/div>\n\t\t<\/section>\n\t\t\t\t\t\t\t\t\t<\/div>\n\t\t\t<\/div>\n\t\t\t\t\t<\/div>\n\t\t<\/div>\n\t\t\t\t<\/div>\n\t\t\t\t<\/div>\n\t\t\t\t\t\t<\/div>\n\t\t\t\t\t<\/div>\n\t\t<\/div>\n\t\t\t\t\t\t\t\t<\/div>\n\t\t\t\t\t<\/div>\n\t\t<\/section>\n\t\t\t\t\t\t\t\t\t<\/div>\n\t\t\t<\/div>\n\t\t\t\t\t<\/div>\n\t\t","protected":false},"excerpt":{"rendered":"","protected":false},"author":1,"featured_media":0,"parent":0,"menu_order":0,"comment_status":"closed","ping_status":"closed","template":"elementor_header_footer","meta":{"rop_custom_images_group":[],"rop_custom_messages_group":[],"rop_publish_now":"initial","rop_publish_now_accounts":[],"rop_publish_now_history":[],"rop_publish_now_status":"pending","footnotes":""},"class_list":["post-422","page","type-page","status-publish","hentry"],"_links":{"self":[{"href":"https:\/\/radiointegracaovr.com.br\/site\/wp-json\/wp\/v2\/pages\/422","targetHints":{"allow":["GET"]}}],"collection":[{"href":"https:\/\/radiointegracaovr.com.br\/site\/wp-json\/wp\/v2\/pages"}],"about":[{"href":"https:\/\/radiointegracaovr.com.br\/site\/wp-json\/wp\/v2\/types\/page"}],"author":[{"embeddable":true,"href":"https:\/\/radiointegracaovr.com.br\/site\/wp-json\/wp\/v2\/users\/1"}],"replies":[{"embeddable":true,"href":"https:\/\/radiointegracaovr.com.br\/site\/wp-json\/wp\/v2\/comments?post=422"}],"version-history":[{"count":0,"href":"https:\/\/radiointegracaovr.com.br\/site\/wp-json\/wp\/v2\/pages\/422\/revisions"}],"wp:attachment":[{"href":"https:\/\/radiointegracaovr.com.br\/site\/wp-json\/wp\/v2\/media?parent=422"}],"curies":[{"name":"wp","href":"https:\/\/api.w.org\/{rel}","templated":true}]}}